{"id":21,"date":"2016-10-26T21:51:58","date_gmt":"2016-10-26T21:51:58","guid":{"rendered":"http:\/\/cirsa.pl\/?page_id=21"},"modified":"2023-02-04T12:58:35","modified_gmt":"2023-02-04T12:58:35","slug":"eksperci","status":"publish","type":"page","link":"https:\/\/cirsa.pl\/?page_id=21&lang=pl","title":{"rendered":"Eksperci"},"content":{"rendered":"<p><img loading=\"lazy\" class=\"alignleft wp-image-172 size-full\" src=\"http:\/\/cirsa.pl\/wp-content\/uploads\/2016\/10\/Photo_Khatuna-Chapichadze.jpg\" alt=\"Photo_Khatuna Chapichadze\" width=\"150\" height=\"200\" srcset=\"https:\/\/cirsa.pl\/wp-content\/uploads\/2016\/10\/Photo_Khatuna-Chapichadze.jpg 150w, https:\/\/cirsa.pl\/wp-content\/uploads\/2016\/10\/Photo_Khatuna-Chapichadze-105x140.jpg 105w\" sizes=\"(max-width: 150px) 100vw, 150px\" \/> <strong>prof.<\/strong> <strong>dr Khatuna Chapichadze<\/strong><\/p>\n<p><em>politolog; profesor Gruzi\u0144skiego Uniwersytetu Technicznego w Tbilisi; profesor wizytuj\u0105cy uczelni z Polski, Czech i USA; specjalista w zakresie\u00a0 ekonomii, geopolityki, stosunk\u00f3w mi\u0119dzynarodowych, polityki bezpiecze\u0144stwa, problematyki kaukaskiej<\/em><\/p>\n<p><img loading=\"lazy\" class=\"alignleft wp-image-173 size-full\" src=\"http:\/\/cirsa.pl\/wp-content\/uploads\/2016\/10\/\u0414\u043e\u0431\u0440\u0436\u0430\u043d\u0441\u044c\u043a\u0430.jpg\" alt=\"\u0414\u043e\u0431\u0440\u0436\u0430\u043d\u0441\u044c\u043a\u0430\" width=\"150\" height=\"200\" srcset=\"https:\/\/cirsa.pl\/wp-content\/uploads\/2016\/10\/\u0414\u043e\u0431\u0440\u0436\u0430\u043d\u0441\u044c\u043a\u0430.jpg 150w, https:\/\/cirsa.pl\/wp-content\/uploads\/2016\/10\/\u0414\u043e\u0431\u0440\u0436\u0430\u043d\u0441\u044c\u043a\u0430-105x140.jpg 105w\" sizes=\"(max-width: 150px) 100vw, 150px\" \/><strong>dr Oksana Dobrzhanska<\/strong><\/p>\n<p><em>politolog; docent Czerniowieckiego Uniwersytetu Narodowego im. J. Fedkowycza; specjalista w zakresie stosunk\u00f3w mi\u0119dzynarodowych, ukrai\u0144skiej polityki zagranicznej, stosunk\u00f3w mi\u0119dzy Uni\u0105 Europejsk\u0105 a Ukrain\u0105<\/em><\/p>\n<p><img loading=\"lazy\" class=\"alignleft wp-image-220 size-full\" src=\"http:\/\/cirsa.pl\/wp-content\/uploads\/2016\/10\/Gl-Dan-GRECU.jpg\" alt=\"Gl Dan GRECU\" width=\"150\" height=\"200\" srcset=\"https:\/\/cirsa.pl\/wp-content\/uploads\/2016\/10\/Gl-Dan-GRECU.jpg 150w, https:\/\/cirsa.pl\/wp-content\/uploads\/2016\/10\/Gl-Dan-GRECU-105x140.jpg 105w\" sizes=\"(max-width: 150px) 100vw, 150px\" \/><\/p>\n<p><strong>gen. dyw. w st. spocz. dr Dan-Florin Grecu<\/strong><\/p>\n<p><em>analityk wojskowy, nauczyciel akademicki; nale\u017ca\u0142 do kadry dow\u00f3dczej armii rumu\u0144skiej, uczestniczy\u0142 w misjach stabilizacyjnych m.in. w Iraku i Afganistanie, specjalista w zakresie planowania obronnego, misji stabilizacyjnych, geopolityki<\/em><\/p>\n<p><img loading=\"lazy\" class=\"alignleft wp-image-221 size-full\" src=\"http:\/\/cirsa.pl\/wp-content\/uploads\/2016\/10\/furnica.jpg\" alt=\"furnica\" width=\"150\" height=\"200\" srcset=\"https:\/\/cirsa.pl\/wp-content\/uploads\/2016\/10\/furnica.jpg 150w, https:\/\/cirsa.pl\/wp-content\/uploads\/2016\/10\/furnica-105x140.jpg 105w\" sizes=\"(max-width: 150px) 100vw, 150px\" \/><\/p>\n<p><strong>p\u0142k w st. spocz. dr Pascu Furnica<\/strong><\/p>\n<p><em>analityk wojskowy, nauczyciel akademicki; ekspert w programie NATO DEEP w krajach Azji i Europy Wsch., specjalista w zakresie zarz\u0105dzania kryzysowego, wsp\u00f3\u0142pracy cywilno-wojskowej oraz mi\u0119dzynarodowych stosunk\u00f3w wojskowych<\/em><\/p>\n<p><img loading=\"lazy\" class=\"alignleft wp-image-177 size-full\" src=\"http:\/\/cirsa.pl\/wp-content\/uploads\/2016\/10\/Loranty.jpg\" alt=\"Loranty\" width=\"150\" height=\"200\" srcset=\"https:\/\/cirsa.pl\/wp-content\/uploads\/2016\/10\/Loranty.jpg 150w, https:\/\/cirsa.pl\/wp-content\/uploads\/2016\/10\/Loranty-105x140.jpg 105w\" sizes=\"(max-width: 150px) 100vw, 150px\" \/><\/p>\n<p><strong>nadkom. Dariusz Loranty<\/strong><\/p>\n<p><em>emerytowany oficer policji, pisarz, publicysta, komentator telewizyjny, nauczyciel akademicki, ekspert Sejmu RP, polityk; czo\u0142owy polski negocjator policyjny, antyterrorysta;\u00a0 <span style=\"color: #000000;\">autor bestselleru &#8222;Spowied\u017a Psa&#8221;; szef Zespo\u0142u Ekspert\u00f3w CIRSA: <span style=\"color: #000080;\">loranty@cirsa.pl<\/span><br \/>\n<\/span><\/em><\/p>\n<p><img loading=\"lazy\" class=\"alignleft wp-image-175 size-full\" src=\"http:\/\/cirsa.pl\/wp-content\/uploads\/2016\/10\/maisaia_2312.jpg\" alt=\"maisaia_2312\" width=\"150\" height=\"200\" srcset=\"https:\/\/cirsa.pl\/wp-content\/uploads\/2016\/10\/maisaia_2312.jpg 150w, https:\/\/cirsa.pl\/wp-content\/uploads\/2016\/10\/maisaia_2312-105x140.jpg 105w\" sizes=\"(max-width: 150px) 100vw, 150px\" \/><strong>prof. dr Vakhtang Maisaia<\/strong><\/p>\n<p><em>politolog, sekuritolog; profesor Kaukaskiego Uniwersytetu Mi\u0119dzynarodowego; ekspert NATO, by\u0142y doradca Prezydenta Gruzji, dziennikarz, komentator medialny; specjalista w zakresie geopolityki, geostrategii, mi\u0119dzynarodowych system\u00f3w bezpiecze\u0144stwa,<\/em><\/p>\n<p><img loading=\"lazy\" class=\"alignleft size-full wp-image-346\" src=\"http:\/\/cirsa.pl\/wp-content\/uploads\/2016\/10\/IMG_9065.jpg\" alt=\"IMG_9065\" width=\"150\" height=\"199\" srcset=\"https:\/\/cirsa.pl\/wp-content\/uploads\/2016\/10\/IMG_9065.jpg 150w, https:\/\/cirsa.pl\/wp-content\/uploads\/2016\/10\/IMG_9065-106x140.jpg 106w\" sizes=\"(max-width: 150px) 100vw, 150px\" \/><strong>\u00a0dr Adam P\u0105zik<br \/>\n<\/strong><\/p>\n<p>prawnik, nauczyciel akademicki; wyk\u0142adowca na UJ oraz adiunkt w WSBiP w Ostrowcu \u015aw.,\u00a0 prowadzi w\u0142asn\u0105 kancelari\u0119 adwokack\u0105 w Krakowie, ekspert w zakresie prawa cywilnego, prawa w\u0142asno\u015bci intelektualnej<\/p>\n<p><img loading=\"lazy\" class=\"alignleft wp-image-222 size-full\" src=\"http:\/\/cirsa.pl\/wp-content\/uploads\/2016\/10\/plavitu.png\" alt=\"plavitu\" width=\"150\" height=\"199\" srcset=\"https:\/\/cirsa.pl\/wp-content\/uploads\/2016\/10\/plavitu.png 150w, https:\/\/cirsa.pl\/wp-content\/uploads\/2016\/10\/plavitu-106x140.png 106w\" sizes=\"(max-width: 150px) 100vw, 150px\" \/><\/p>\n<p><strong>gen. broni w st. spocz. Dan Plavitu<\/strong><\/p>\n<p>analityk wojskowy, dyplomata; by\u0142y cz\u0142onek \u015bcis\u0142ego kierownictwa rumu\u0144skiego wywiadu wojskowego; attach\u00e9 wojskowy Rumunii we Francji i Algierii; specjalista w zakresie wywiadu wojskowego i geopolityki<\/p>\n<p><img loading=\"lazy\" class=\"alignleft wp-image-174 size-full\" src=\"http:\/\/cirsa.pl\/wp-content\/uploads\/2016\/10\/Volovoj.jpg\" alt=\"Volovoj\" width=\"150\" height=\"199\" srcset=\"https:\/\/cirsa.pl\/wp-content\/uploads\/2016\/10\/Volovoj.jpg 150w, https:\/\/cirsa.pl\/wp-content\/uploads\/2016\/10\/Volovoj-106x140.jpg 106w\" sizes=\"(max-width: 150px) 100vw, 150px\" \/><strong>dr Vadim Volovoj<br \/>\n<\/strong><\/p>\n<p><em>politolog, sekuritolog; docent na Uniwersytecie Micha\u0142a Romera w Wilnie, starszy ekspet Centrum Studi\u00f3w Geopolitycznych (Litwa); specjalista w zakresie geopolityki, stosunk\u00f3w mi\u0119dzynarodowych, polityki bezpiecze\u0144stwa, polityki rosyjskiej i litewskiej.<\/em><\/p>\n","protected":false},"excerpt":{"rendered":"<p>prof. dr Khatuna Chapichadze politolog; profesor Gruzi\u0144skiego Uniwersytetu Technicznego w Tbilisi; profesor wizytuj\u0105cy uczelni z Polski, Czech i USA; specjalista w zakresie\u00a0 ekonomii, geopolityki, stosunk\u00f3w mi\u0119dzynarodowych, polityki bezpiecze\u0144stwa, problematyki kaukaskiej dr Oksana Dobrzhanska politolog; docent Czerniowieckiego Uniwersytetu Narodowego im. J. Fedkowycza; specjalista w zakresie stosunk\u00f3w mi\u0119dzynarodowych, ukrai\u0144skiej polityki zagranicznej, stosunk\u00f3w mi\u0119dzy Uni\u0105 Europejsk\u0105 a Ukrain\u0105 &hellip; <a href=\"https:\/\/cirsa.pl\/?page_id=21&#038;lang=pl\" class=\"more-link\">Czytaj dalej <span class=\"screen-reader-text\">Eksperci<\/span> <span class=\"meta-nav\">&rarr;<\/span><\/a><\/p>\n","protected":false},"author":1,"featured_media":0,"parent":0,"menu_order":0,"comment_status":"closed","ping_status":"closed","template":"","meta":{"_monsterinsights_skip_tracking":false,"_monsterinsights_sitenote_active":false,"_monsterinsights_sitenote_note":"","_monsterinsights_sitenote_category":0},"_links":{"self":[{"href":"https:\/\/cirsa.pl\/index.php?rest_route=\/wp\/v2\/pages\/21"}],"collection":[{"href":"https:\/\/cirsa.pl\/index.php?rest_route=\/wp\/v2\/pages"}],"about":[{"href":"https:\/\/cirsa.pl\/index.php?rest_route=\/wp\/v2\/types\/page"}],"author":[{"embeddable":true,"href":"https:\/\/cirsa.pl\/index.php?rest_route=\/wp\/v2\/users\/1"}],"replies":[{"embeddable":true,"href":"https:\/\/cirsa.pl\/index.php?rest_route=%2Fwp%2Fv2%2Fcomments&post=21"}],"version-history":[{"count":21,"href":"https:\/\/cirsa.pl\/index.php?rest_route=\/wp\/v2\/pages\/21\/revisions"}],"predecessor-version":[{"id":677,"href":"https:\/\/cirsa.pl\/index.php?rest_route=\/wp\/v2\/pages\/21\/revisions\/677"}],"wp:attachment":[{"href":"https:\/\/cirsa.pl\/index.php?rest_route=%2Fwp%2Fv2%2Fmedia&parent=21"}],"curies":[{"name":"wp","href":"https:\/\/api.w.org\/{rel}","templated":true}]}}